{"id":13159,"date":"2025-11-14T12:47:20","date_gmt":"2025-11-14T11:47:20","guid":{"rendered":"https:\/\/amf.eus\/?page_id=13159"},"modified":"2025-12-17T09:14:35","modified_gmt":"2025-12-17T08:14:35","slug":"mendi-postontziak","status":"publish","type":"page","link":"https:\/\/amf.eus\/eu\/arabako-mendiak\/mendi-postontziak\/","title":{"rendered":"Mendi Postontziak"},"content":{"rendered":"<p>[et_pb_section fb_built=&#8221;1&#8243; fullwidth=&#8221;on&#8221; _builder_version=&#8221;4.27.4&#8243; _module_preset=&#8221;default&#8221; background_color=&#8221;#f5f5f5&#8243; custom_margin=&#8221;20px||||false|false&#8221; locked=&#8221;off&#8221; global_colors_info=&#8221;{}&#8221;][et_pb_fullwidth_image src=&#8221;https:\/\/amf.eus\/wp-content\/uploads\/2025\/12\/MendiPostontziak02.jpg&#8221; alt=&#8221;Mendi Postontziak&#8221; title_text=&#8221;Mendi Postontziak&#8221; _builder_version=&#8221;4.27.4&#8243; _module_preset=&#8221;default&#8221; background_enable_image=&#8221;off&#8221; max_height=&#8221;300px&#8221; custom_margin=&#8221;0px||||false|false&#8221; custom_padding=&#8221;0px|||0px|false|false&#8221; locked=&#8221;off&#8221; global_colors_info=&#8221;{}&#8221;][\/et_pb_fullwidth_image][et_pb_fullwidth_header title=&#8221;Mendi Postontziak&#8221; text_orientation=&#8221;center&#8221; _builder_version=&#8221;4.27.4&#8243; _module_preset=&#8221;default&#8221; title_text_color=&#8221;#FFFFFF&#8221; title_font_size=&#8221;40px&#8221; background_color=&#8221;RGBA(255,255,255,0)&#8221; custom_margin=&#8221;-200px||100px||false|false&#8221; title_text_shadow_style=&#8221;preset3&#8243; title_text_shadow_blur_strength=&#8221;0.2em&#8221; locked=&#8221;off&#8221; global_colors_info=&#8221;{}&#8221;][\/et_pb_fullwidth_header][\/et_pb_section][et_pb_section fb_built=&#8221;1&#8243; _builder_version=&#8221;4.27.4&#8243; _module_preset=&#8221;default&#8221; global_colors_info=&#8221;{}&#8221;][et_pb_row _builder_version=&#8221;4.27.4&#8243; _module_preset=&#8221;default&#8221; global_colors_info=&#8221;{}&#8221;][et_pb_column type=&#8221;4_4&#8243; _builder_version=&#8221;4.27.4&#8243; _module_preset=&#8221;default&#8221; global_colors_info=&#8221;{}&#8221;][et_pb_text _builder_version=&#8221;4.27.4&#8243; _module_preset=&#8221;default&#8221; text_font=&#8221;&#8211;et_global_body_font||||||||&#8221; global_colors_info=&#8221;{}&#8221;]<\/p>\n<p>Arabako gailur askok gailurra identifikatzen duen postontzi bat dute gailurrean, eta bertan txartelak uzteko aukera dago; tradizionalki mendizale elkarteen artean trukatu ohi izan direnak. <strong>1995. urtean, Arabako Mendizale Federazioaren Ingurumen Batzordeak, mendiko taldeekin elkarlanean, lehen katalogo bat argitaratu zuen, probintziako gailurretan elementu horien egoera aztertzen zuena.<\/strong> Hemen aurkezten dugu buzoi-katalogo horren berrikuspen berria.<\/p>\n<p>[\/et_pb_text][et_pb_button button_url=&#8221;https:\/\/amf.eus\/wp-content\/uploads\/postbox\/catalogo-buzones-araba-amf-fam.pdf&#8221; url_new_window=&#8221;on&#8221; button_text=&#8221;Arabako postontzien katalogoa&#8221; _builder_version=&#8221;4.27.4&#8243; _module_preset=&#8221;default&#8221; custom_button=&#8221;on&#8221; button_text_size=&#8221;16px&#8221; button_border_width=&#8221;1px&#8221; global_colors_info=&#8221;{}&#8221;][\/et_pb_button][et_pb_text _builder_version=&#8221;4.27.4&#8243; _module_preset=&#8221;default&#8221; text_font=&#8221;&#8211;et_global_body_font||||||||&#8221; global_colors_info=&#8221;{}&#8221;]<\/p>\n<p>Kasuan honetan, katalogatutako seinaleen kopurua askoz handiagoa izan da: <strong>400 buzoi baino gehiago katalogatu dira, 300 gailur baino gehiagotan <\/strong>. Buzoi horietako batzuk suntsituak izan dira, gehienetan bandalismo ekintzen ondorioz. Oro har, buzoien egoera ona da. %90a onargarria da, nahiz eta konponketa txiki batzuk behar izan ditzaketen, adibidez lixatzea edo margotzea. Aipatu behar da, lan honetan, probintzia mugakideetako gailur batzuk ere hartu direla kontuan, hurbiltasunagatik, mendi-tradizioagatik edo aurreko edizioetan mendien katalogoan parte hartu zutelako, probintzien arteko mugak zehazki interpretatu ez zirenean (Bikirrio, Ganekogorta, Risca, Okomendi\/Montesanto). Obarenes edo San Zadornil mendietako gailurrak ere katalogatu dira, eta Arabako klubek ere parte hartu dute, kasuren batean, postontziak jartzen. Mendi tontor horietako asko, Club Mirand\u00e9s de Monta\u00f1a, S.E. Karpanta edo C.M. Bilibio mendizaleek seinaleztatuak, probintziako mendizaleek bisitatzen dituzte aldizka. <strong>Hemendik eskerrak eman nahi dizkiegu postontzi horien datuak ematen lagundu duten erakunde horietako pertsonei.<\/strong> <\/p>\n<p>Irudi gehienak <a href=\"https:\/\/www.mendikat.net\">https:\/\/www.mendikat.net<\/a> helbidetik lortu dira, eta egileenak dira. <\/p>\n<p>[\/et_pb_text][et_pb_gallery gallery_ids=&#8221;28852,2883,2885,2884,2887,2886&#8243; show_title_and_caption=&#8221;off&#8221; _builder_version=&#8221;4.27.4&#8243; _module_preset=&#8221;default&#8221; background_color=&#8221;RGBA(255,255,255,0)&#8221; global_colors_info=&#8221;{}&#8221;][\/et_pb_gallery][et_pb_text _builder_version=&#8221;4.27.4&#8243; _module_preset=&#8221;default&#8221; global_colors_info=&#8221;{}&#8221;]<\/p>\n<p>Gaur egun, <strong>Arabako Mendizale Federazioak (AMF-FAM) <\/strong> zenbait ekintza planteatzen ditu Arabako gailurren egoera hobetzeko. Suntsitutako postontzien hondakinak kendu, beste batzuk hobetu edo egokitu, eta seinale berriak jartzea bultzatu. Postontzien katalogoa, beraz, tresna erabilgarria eta beharrezkoa da klubentzat ere, postontzien egoera ezagutzeko eta gailurretako elementu berrien beharrak aztertzeko aukera ematen baitu. <\/p>\n<p>Era berean, katalogoak buzoiak gailurretan kokatzeko indarrean dagoen araudiaren azken bertsioa ere jasotzen du. Arau horrek \u2014buzoi-katalogoaren lehen bertsioetatik ezarria\u2014 <strong>seinalea kokatu aurretik federazioari jakinarazpena egitea eskatzen du<\/strong>, kontrola bermatzeko. Katalogoak bertsio-zenbakia dauka, eta aldizka edizio berriak argitaratuko dira.<\/p>\n<p>[\/et_pb_text][et_pb_divider _builder_version=&#8221;4.27.4&#8243; _module_preset=&#8221;default&#8221; custom_margin=&#8221;||-150px||false|false&#8221; custom_padding=&#8221;||0px||false|false&#8221; global_colors_info=&#8221;{}&#8221;][\/et_pb_divider][\/et_pb_column][\/et_pb_row][\/et_pb_section][et_pb_section fb_built=&#8221;1&#8243; _builder_version=&#8221;4.27.4&#8243; _module_preset=&#8221;default&#8221; custom_margin=&#8221;||||false|false&#8221; global_colors_info=&#8221;{}&#8221;][et_pb_row column_structure=&#8221;1_2,1_2&#8243; _builder_version=&#8221;4.27.4&#8243; _module_preset=&#8221;default&#8221; custom_margin=&#8221;||||false|false&#8221; global_colors_info=&#8221;{}&#8221;][et_pb_column type=&#8221;1_2&#8243; _builder_version=&#8221;4.27.4&#8243; _module_preset=&#8221;default&#8221; global_colors_info=&#8221;{}&#8221;][et_pb_heading title=&#8221;NOLA EGITEN DU LAN AMF-FAMeko BUZOIEN TALDEAK?&#8221; _builder_version=&#8221;4.27.4&#8243; _module_preset=&#8221;default&#8221; title_text_color=&#8221;#abc147&#8243; title_font_size=&#8221;20px&#8221; custom_margin=&#8221;||||false|false&#8221; global_colors_info=&#8221;{}&#8221;][\/et_pb_heading][et_pb_text _builder_version=&#8221;4.27.4&#8243; _module_preset=&#8221;default&#8221; custom_margin=&#8221;||||false|false&#8221; global_colors_info=&#8221;{}&#8221;]Mendizaleek, <a href=\"mailto:ingurumena@amf-fam.org\">ingurumena@amf-fam.org <\/a>edo <a href=\"mailto:amf@amf-fam.org\">amf@amf-fam.org <\/a> helbideen bitartez, <strong>Arabako lurraldeko edozein gailurretan antzemandako arazoak salatu ditzakete.<\/strong> AMF-FAMek kaltetutako elementua aztertzen du eta webgune honetan bertan argitaratzen ditu egin beharreko ekintzak. Ondoren, federazioko talde espezifiko bat lekura joaten da behar diren baliabide teknikoekin eta giza baliabideekin, arazoa konpontzeko, postontziak berreskuratzeko, birkokatzeko, postontziko hondakinak kentzeko edo seinale berri bat jartzeko.[\/et_pb_text][\/et_pb_column][et_pb_column type=&#8221;1_2&#8243; _builder_version=&#8221;4.27.4&#8243; _module_preset=&#8221;default&#8221; global_colors_info=&#8221;{}&#8221;][et_pb_video src_webm=&#8221;https:\/\/amf.eus\/wp-content\/uploads\/2017\/03\/buzones-manequin-challenge.mp4&#8243; _builder_version=&#8221;4.27.4&#8243; _module_preset=&#8221;default&#8221; global_colors_info=&#8221;{}&#8221;][\/et_pb_video][\/et_pb_column][\/et_pb_row][\/et_pb_section]<\/p>\n","protected":false},"excerpt":{"rendered":"<p>Arabako gailur askok gailurra identifikatzen duen postontzi bat dute gailurrean, eta bertan txartelak uzteko aukera dago; tradizionalki mendizale elkarteen artean trukatu ohi izan direnak. 1995. urtean, Arabako Mendizale Federazioaren Ingurumen Batzordeak, mendiko taldeekin elkarlanean, lehen katalogo bat argitaratu zuen, probintziako gailurretan elementu horien egoera aztertzen zuena. Hemen aurkezten dugu buzoi-katalogo horren berrikuspen berria.Kasuan honetan, katalogatutako [&hellip;]<\/p>\n","protected":false},"author":7,"featured_media":0,"parent":14533,"menu_order":0,"comment_status":"closed","ping_status":"closed","template":"","meta":{"_et_pb_use_builder":"on","_et_pb_old_content":"<p>[et_pb_section fb_built=\"1\" _builder_version=\"4.27.4\" _module_preset=\"default\" global_colors_info=\"{}\"][et_pb_row _builder_version=\"4.27.4\" _module_preset=\"default\" global_colors_info=\"{}\"][et_pb_column type=\"4_4\" _builder_version=\"4.27.4\" _module_preset=\"default\" global_colors_info=\"{}\"][et_pb_text _builder_version=\"4.27.4\" _module_preset=\"default\" global_colors_info=\"{}\"]<\/p><p>Muchas de las cumbres alavesas poseen en su cima un buz\u00f3n que identifica la cumbre y que permite depositar tarjetas que, tradicionalmente, han sido intercambiadas por las asociaciones monta\u00f1eras. En el a\u00f1o 1995, la comisi\u00f3n de Medio Ambiente de la Federaci\u00f3n Alavesa de Monta\u00f1a public\u00f3, con la colaboraci\u00f3n de los grupos de monta\u00f1a, un primer cat\u00e1logo que ven\u00eda a analizar el estado de estos elementos en las cumbres de la provincia.<\/p><p>Presentamos aqu\u00ed una nueva revisi\u00f3n de ese cat\u00e1logo de buzones. En este caso el n\u00famero de se\u00f1ales catalogadas ha sido mucho mayor, super\u00e1ndose la cifra de los 400 buzones sobre un total de m\u00e1s de 300 cumbres. Algunos de estos buzones han sido destruidos, en mayor caso, por actos de vandalismo. El estado general de los mismos es, en general, bueno. El 90% de los buzones son aceptables aunque pueden requerir algunas reparaciones de orden menor, tal vez de lijado y pintura. Hay que se\u00f1alar que, en este trabajo, tambi\u00e9n se han considerado algunas cumbres de las provincias lim\u00edtrofes por su proximidad, tradici\u00f3n monta\u00f1era o incluso haber formado parte del cat\u00e1logo de montes en ediciones anteriores, cuando los l\u00edmites interprovinciales no fueron exactamente interpretados ( Bikirrio, Ganekogorta, Risca,\u00a0Okomendi\/Montesanto ). Tambi\u00e9n se han catalogado las cumbres de los Montes Obarenes\u00a0o San Zadornil, donde los clubs alaveses tambi\u00e9n han participado, en alg\u00fan caso, en la colocaci\u00f3n de buzones. Muchas de estas cumbres, se\u00f1alizadas por el Club Mirand\u00e9s de Monta\u00f1a, S.E. Karpanta o el C.M. Bilibio son visitadas regularmente por monta\u00f1eros de la provincia por lo que tambi\u00e9n merece prestarles inter\u00e9s. Desde aqu\u00ed dar las gracias a las personas de estas entidades que han colaborado proporcionando los datos de estos buzones.<\/p><p>En la actualidad la <strong>Federaci\u00f3n Alavesa de Monta\u00f1a (AMF-FAM)<\/strong>\u00a0se plantea algunas acciones para mejorar el estado de las cumbres Alavesas. Desde la supresi\u00f3n de restos de buzones destruidos, la mejora o acondicionamiento de otros, as\u00ed como impulsar la colocaci\u00f3n de nuevas se\u00f1ales. El cat\u00e1logo de buzones se convierte, entonces, en una herramienta \u00fatil y necesaria, tambi\u00e9n para los clubs, pues permite, de hecho, conocer el estado de sus buzones y\u00a0estudiar la necesidades de nuevos\u00a0elementos en las cumbres.<\/p><p>Asimismo, el cat\u00e1logo recoge la \u00faltima versi\u00f3n de la normativa existente para la colocaci\u00f3n de buzones en las cumbres. Este precepto, que ya se determin\u00f3 desde las primeras versiones del cat\u00e1logo de buzones, implica una notificaci\u00f3n a la federaci\u00f3n antes de proceder a la colocaci\u00f3n de la se\u00f1al, para permitir su control.<\/p><p>El cat\u00e1logo incluye un n\u00famero de versi\u00f3n, por lo que se ir\u00e1n publicando regularmente nuevas ediciones.<\/p><p>La mayor parte de las im\u00e1genes han sido obtenidas de <a href=\"https:\/\/www.mendikat.net\">https:\/\/www.mendikat.net<\/a> y pertenecen a sus autores.<\/p><p>[\/et_pb_text][et_pb_text _builder_version=\"4.27.4\" _module_preset=\"default\" hover_enabled=\"0\" sticky_enabled=\"0\"]<\/p><p>\u00a0<\/p><p>[gallery type=\"rectangular\" ids=\"285,286,287,288,290,289\"]<\/p><p>[\/et_pb_text][et_pb_text _builder_version=\"4.27.4\" _module_preset=\"default\" hover_enabled=\"0\" sticky_enabled=\"0\"]<strong>DESCARGAS<\/strong><\/p><div style=\"background-color: #ffffcc;\"><p><img class=\"wp-image-263\" style=\"vertical-align: middle; box-shadow: 3px 3px 4px 0px rgba(0,0,0,0.75); margin-right: 10px;\" src=\"https:\/\/amf.eus\/wp-content\/uploads\/2017\/03\/catalogo-buzones-amf-fam-211x300.jpg\" width=\"26\" height=\"37\" \/>\u00a0<a href=\"\/wp-content\/uploads\/postbox\/catalogo-buzones-araba-amf-fam.pdf\">Cat\u00e1logo de buzones de Araba<\/a><\/p><p><img class=\"wp-image-263\" style=\"vertical-align: middle; box-shadow: 3px 3px 4px 0px rgba(0,0,0,0.75); margin-right: 10px;\" src=\"https:\/\/amf.eus\/wp-content\/uploads\/2017\/05\/actions-and-projects-mini.jpg\" width=\"26\" height=\"37\" \/>\u00a0<a href=\"\/wp-content\/uploads\/postbox\/acciones-proyectos.pdf\">Acciones y proyectos que se desarrollar\u00e1n en 2017<\/a><\/p><\/div><p><strong>COMO TRABAJA EL EQUIPO DE BUZONES DE LA AMF-FAM<\/strong><\/p><p>Los monta\u00f1eros a trav\u00e9s de la direcci\u00f3n <a href=\"mailto:ingurumena@amf-fam.org\">ingurumena@amf-fam.org <\/a>o <a href=\"mailto:amf@amf-fam.org\">amf@amf-fam.org <\/a>pueden denunciar cualquier anomal\u00eda observada en alguna cumbre del territorio de \u00c1lava\/Araba. La AMF-FAM revisa la afecci\u00f3n y publica en esta misma p\u00e1gina web la acciones a realizar. Entonces, un equipo espec\u00edfico de la federaci\u00f3n se desplaza con los medios t\u00e9cnicos y humanos para subsanarla, que puede ser desde la reparaci\u00f3n, recuperaci\u00f3n, la recolocaci\u00f3n, la supresi\u00f3n de los restos del buz\u00f3n o la colocaci\u00f3n de una nueva se\u00f1al.<\/p><p>[video width=\"1440\" height=\"1080\" mp4=\"https:\/\/amf.eus\/wp-content\/uploads\/2017\/03\/buzones-manequin-challenge.mp4\"][\/video]<\/p><p>\u00a0<\/p><div style=\"background-color: #d9ffb3; width: 100%; text-align: center; line-height: 40px; border: 1px dotted grey; font-size: 20px;\">\u00bf Quieres que pongamos un nuevo buz\u00f3n en alguna cumbre de Araba ?<\/div><p>[\/et_pb_text][\/et_pb_column][\/et_pb_row][\/et_pb_section]<\/p>","_et_gb_content_width":"","footnotes":""},"class_list":["post-13159","page","type-page","status-publish","hentry"],"yoast_head":"<!-- This site is optimized with the Yoast SEO plugin v27.4 - https:\/\/yoast.com\/product\/yoast-seo-wordpress\/ -->\n<title>Mendi Postontziak | Arabako Mendizale Federazioa<\/title>\n<meta name=\"robots\" content=\"index, follow, max-snippet:-1, max-image-preview:large, max-video-preview:-1\" \/>\n<link rel=\"canonical\" href=\"https:\/\/amf.eus\/eu\/arabako-mendiak\/mendi-postontziak\/\" \/>\n<meta property=\"og:locale\" content=\"eu_ES\" \/>\n<meta property=\"og:type\" content=\"article\" \/>\n<meta property=\"og:title\" content=\"Mendi Postontziak | Arabako Mendizale Federazioa\" \/>\n<meta property=\"og:description\" content=\"Arabako gailur askok gailurra identifikatzen duen postontzi bat dute gailurrean, eta bertan txartelak uzteko aukera dago; tradizionalki mendizale elkarteen artean trukatu ohi izan direnak. 1995. urtean, Arabako Mendizale Federazioaren Ingurumen Batzordeak, mendiko taldeekin elkarlanean, lehen katalogo bat argitaratu zuen, probintziako gailurretan elementu horien egoera aztertzen zuena. Hemen aurkezten dugu buzoi-katalogo horren berrikuspen berria.Kasuan honetan, katalogatutako [&hellip;]\" \/>\n<meta property=\"og:url\" content=\"https:\/\/amf.eus\/eu\/arabako-mendiak\/mendi-postontziak\/\" \/>\n<meta property=\"og:site_name\" content=\"Arabako Mendizale Federazioa\" \/>\n<meta property=\"article:publisher\" content=\"https:\/\/www.facebook.com\/profile.php?id=100066562993322\" \/>\n<meta property=\"article:modified_time\" content=\"2025-12-17T08:14:35+00:00\" \/>\n<meta name=\"twitter:card\" content=\"summary_large_image\" \/>\n<meta name=\"twitter:label1\" content=\"Est. reading time\" \/>\n\t<meta name=\"twitter:data1\" content=\"3 minutes\" \/>\n<script type=\"application\/ld+json\" class=\"yoast-schema-graph\">{\"@context\":\"https:\\\/\\\/schema.org\",\"@graph\":[{\"@type\":\"WebPage\",\"@id\":\"https:\\\/\\\/amf.eus\\\/eu\\\/arabako-mendiak\\\/mendi-postontziak\\\/\",\"url\":\"https:\\\/\\\/amf.eus\\\/eu\\\/arabako-mendiak\\\/mendi-postontziak\\\/\",\"name\":\"Mendi Postontziak | Arabako Mendizale Federazioa\",\"isPartOf\":{\"@id\":\"https:\\\/\\\/amf.eus\\\/eu\\\/#website\"},\"datePublished\":\"2025-11-14T11:47:20+00:00\",\"dateModified\":\"2025-12-17T08:14:35+00:00\",\"breadcrumb\":{\"@id\":\"https:\\\/\\\/amf.eus\\\/eu\\\/arabako-mendiak\\\/mendi-postontziak\\\/#breadcrumb\"},\"inLanguage\":\"eu-ES\",\"potentialAction\":[{\"@type\":\"ReadAction\",\"target\":[\"https:\\\/\\\/amf.eus\\\/eu\\\/arabako-mendiak\\\/mendi-postontziak\\\/\"]}]},{\"@type\":\"BreadcrumbList\",\"@id\":\"https:\\\/\\\/amf.eus\\\/eu\\\/arabako-mendiak\\\/mendi-postontziak\\\/#breadcrumb\",\"itemListElement\":[{\"@type\":\"ListItem\",\"position\":1,\"name\":\"Portada\",\"item\":\"https:\\\/\\\/amf.eus\\\/eu\\\/\"},{\"@type\":\"ListItem\",\"position\":2,\"name\":\"Arabako mendiak\",\"item\":\"https:\\\/\\\/amf.eus\\\/eu\\\/arabako-mendiak\\\/\"},{\"@type\":\"ListItem\",\"position\":3,\"name\":\"Mendi Postontziak\"}]},{\"@type\":\"WebSite\",\"@id\":\"https:\\\/\\\/amf.eus\\\/eu\\\/#website\",\"url\":\"https:\\\/\\\/amf.eus\\\/eu\\\/\",\"name\":\"Arabako Mendizale Federazioa\",\"description\":\"Federaci\u00f3n Alavesa de Monta\u00f1a\",\"publisher\":{\"@id\":\"https:\\\/\\\/amf.eus\\\/eu\\\/#organization\"},\"potentialAction\":[{\"@type\":\"SearchAction\",\"target\":{\"@type\":\"EntryPoint\",\"urlTemplate\":\"https:\\\/\\\/amf.eus\\\/eu\\\/?s={search_term_string}\"},\"query-input\":{\"@type\":\"PropertyValueSpecification\",\"valueRequired\":true,\"valueName\":\"search_term_string\"}}],\"inLanguage\":\"eu-ES\"},{\"@type\":\"Organization\",\"@id\":\"https:\\\/\\\/amf.eus\\\/eu\\\/#organization\",\"name\":\"Arabako Mendizale Federazioa - Federaci\u00f3n alavesa de Monta\u00f1a\",\"alternateName\":\"Arabako Mendizale Federazioa\",\"url\":\"https:\\\/\\\/amf.eus\\\/eu\\\/\",\"logo\":{\"@type\":\"ImageObject\",\"inLanguage\":\"eu-ES\",\"@id\":\"https:\\\/\\\/amf.eus\\\/eu\\\/#\\\/schema\\\/logo\\\/image\\\/\",\"url\":\"https:\\\/\\\/amf.eus\\\/wp-content\\\/uploads\\\/2025\\\/12\\\/amf-fam_logoa.png\",\"contentUrl\":\"https:\\\/\\\/amf.eus\\\/wp-content\\\/uploads\\\/2025\\\/12\\\/amf-fam_logoa.png\",\"width\":999,\"height\":989,\"caption\":\"Arabako Mendizale Federazioa - Federaci\u00f3n alavesa de Monta\u00f1a\"},\"image\":{\"@id\":\"https:\\\/\\\/amf.eus\\\/eu\\\/#\\\/schema\\\/logo\\\/image\\\/\"},\"sameAs\":[\"https:\\\/\\\/www.facebook.com\\\/profile.php?id=100066562993322\",\"https:\\\/\\\/www.instagram.com\\\/arabakomendizale\\\/\"]}]}<\/script>\n<!-- \/ Yoast SEO plugin. -->","yoast_head_json":{"title":"Mendi Postontziak | Arabako Mendizale Federazioa","robots":{"index":"index","follow":"follow","max-snippet":"max-snippet:-1","max-image-preview":"max-image-preview:large","max-video-preview":"max-video-preview:-1"},"canonical":"https:\/\/amf.eus\/eu\/arabako-mendiak\/mendi-postontziak\/","og_locale":"eu_ES","og_type":"article","og_title":"Mendi Postontziak | Arabako Mendizale Federazioa","og_description":"Arabako gailur askok gailurra identifikatzen duen postontzi bat dute gailurrean, eta bertan txartelak uzteko aukera dago; tradizionalki mendizale elkarteen artean trukatu ohi izan direnak. 1995. urtean, Arabako Mendizale Federazioaren Ingurumen Batzordeak, mendiko taldeekin elkarlanean, lehen katalogo bat argitaratu zuen, probintziako gailurretan elementu horien egoera aztertzen zuena. Hemen aurkezten dugu buzoi-katalogo horren berrikuspen berria.Kasuan honetan, katalogatutako [&hellip;]","og_url":"https:\/\/amf.eus\/eu\/arabako-mendiak\/mendi-postontziak\/","og_site_name":"Arabako Mendizale Federazioa","article_publisher":"https:\/\/www.facebook.com\/profile.php?id=100066562993322","article_modified_time":"2025-12-17T08:14:35+00:00","twitter_card":"summary_large_image","twitter_misc":{"Est. reading time":"3 minutes"},"schema":{"@context":"https:\/\/schema.org","@graph":[{"@type":"WebPage","@id":"https:\/\/amf.eus\/eu\/arabako-mendiak\/mendi-postontziak\/","url":"https:\/\/amf.eus\/eu\/arabako-mendiak\/mendi-postontziak\/","name":"Mendi Postontziak | Arabako Mendizale Federazioa","isPartOf":{"@id":"https:\/\/amf.eus\/eu\/#website"},"datePublished":"2025-11-14T11:47:20+00:00","dateModified":"2025-12-17T08:14:35+00:00","breadcrumb":{"@id":"https:\/\/amf.eus\/eu\/arabako-mendiak\/mendi-postontziak\/#breadcrumb"},"inLanguage":"eu-ES","potentialAction":[{"@type":"ReadAction","target":["https:\/\/amf.eus\/eu\/arabako-mendiak\/mendi-postontziak\/"]}]},{"@type":"BreadcrumbList","@id":"https:\/\/amf.eus\/eu\/arabako-mendiak\/mendi-postontziak\/#breadcrumb","itemListElement":[{"@type":"ListItem","position":1,"name":"Portada","item":"https:\/\/amf.eus\/eu\/"},{"@type":"ListItem","position":2,"name":"Arabako mendiak","item":"https:\/\/amf.eus\/eu\/arabako-mendiak\/"},{"@type":"ListItem","position":3,"name":"Mendi Postontziak"}]},{"@type":"WebSite","@id":"https:\/\/amf.eus\/eu\/#website","url":"https:\/\/amf.eus\/eu\/","name":"Arabako Mendizale Federazioa","description":"Federaci\u00f3n Alavesa de Monta\u00f1a","publisher":{"@id":"https:\/\/amf.eus\/eu\/#organization"},"potentialAction":[{"@type":"SearchAction","target":{"@type":"EntryPoint","urlTemplate":"https:\/\/amf.eus\/eu\/?s={search_term_string}"},"query-input":{"@type":"PropertyValueSpecification","valueRequired":true,"valueName":"search_term_string"}}],"inLanguage":"eu-ES"},{"@type":"Organization","@id":"https:\/\/amf.eus\/eu\/#organization","name":"Arabako Mendizale Federazioa - Federaci\u00f3n alavesa de Monta\u00f1a","alternateName":"Arabako Mendizale Federazioa","url":"https:\/\/amf.eus\/eu\/","logo":{"@type":"ImageObject","inLanguage":"eu-ES","@id":"https:\/\/amf.eus\/eu\/#\/schema\/logo\/image\/","url":"https:\/\/amf.eus\/wp-content\/uploads\/2025\/12\/amf-fam_logoa.png","contentUrl":"https:\/\/amf.eus\/wp-content\/uploads\/2025\/12\/amf-fam_logoa.png","width":999,"height":989,"caption":"Arabako Mendizale Federazioa - Federaci\u00f3n alavesa de Monta\u00f1a"},"image":{"@id":"https:\/\/amf.eus\/eu\/#\/schema\/logo\/image\/"},"sameAs":["https:\/\/www.facebook.com\/profile.php?id=100066562993322","https:\/\/www.instagram.com\/arabakomendizale\/"]}]}},"_links":{"self":[{"href":"https:\/\/amf.eus\/eu\/wp-json\/wp\/v2\/pages\/13159","targetHints":{"allow":["GET"]}}],"collection":[{"href":"https:\/\/amf.eus\/eu\/wp-json\/wp\/v2\/pages"}],"about":[{"href":"https:\/\/amf.eus\/eu\/wp-json\/wp\/v2\/types\/page"}],"author":[{"embeddable":true,"href":"https:\/\/amf.eus\/eu\/wp-json\/wp\/v2\/users\/7"}],"replies":[{"embeddable":true,"href":"https:\/\/amf.eus\/eu\/wp-json\/wp\/v2\/comments?post=13159"}],"version-history":[{"count":16,"href":"https:\/\/amf.eus\/eu\/wp-json\/wp\/v2\/pages\/13159\/revisions"}],"predecessor-version":[{"id":15672,"href":"https:\/\/amf.eus\/eu\/wp-json\/wp\/v2\/pages\/13159\/revisions\/15672"}],"up":[{"embeddable":true,"href":"https:\/\/amf.eus\/eu\/wp-json\/wp\/v2\/pages\/14533"}],"wp:attachment":[{"href":"https:\/\/amf.eus\/eu\/wp-json\/wp\/v2\/media?parent=13159"}],"curies":[{"name":"wp","href":"https:\/\/api.w.org\/{rel}","templated":true}]}}